{"id":2233,"date":"2014-07-07T10:20:08","date_gmt":"2014-07-07T10:20:08","guid":{"rendered":"https:\/\/www.pjtranseuropeansl.com\/?page_id=2233"},"modified":"2017-09-08T19:28:33","modified_gmt":"2017-09-08T19:28:33","slug":"serveis","status":"publish","type":"page","link":"https:\/\/www.pjtranseuropeansl.com\/ca\/serveis\/","title":{"rendered":"Serveis"},"content":{"rendered":"<h3><!--:es--><a href=\"https:\/\/www.pjtranseuropeansl.com\/landing\/\"><img loading=\"lazy\" decoding=\"async\" class=\"size-full wp-image-1120 alignleft\" src=\"https:\/\/www.pjtranseuropeansl.com\/wp-content\/uploads\/2013\/02\/transportes1.jpg\" alt=\"transportes\" width=\"320\" height=\"276\" srcset=\"https:\/\/www.pjtranseuropeansl.com\/wp-content\/uploads\/2013\/02\/transportes1.jpg 320w, https:\/\/www.pjtranseuropeansl.com\/wp-content\/uploads\/2013\/02\/transportes1-300x258.jpg 300w\" sizes=\"(max-width: 320px) 100vw, 320px\" \/><\/a><\/h3>\n<p><span style=\"color: #000000;\"> En <strong>P&amp;J Trans European<\/strong>, com a empresa de transports i log\u00edstica en general, oferim els nostres serveis pensats exclusivament per poder ajudar en el dia a dia de les seves activitats, oferint-los la nostra col\u00b7laboraci\u00f3 total buscant en cada moment el cam\u00ed m\u00e9s efectiu i econ\u00f2mic per les seves necessitats.<span style=\"color: #000000;\"><br \/>\n<\/span><\/span><\/p>\n<p><span style=\"color: #000000;\"> Gestionada per personal \u00e0mpliament qualificat, amb l&#8217;experi\u00e8ncia avalada per molts anys de dedicaci\u00f3 al sector del transport, el seu objectiu principal \u00e9s, <strong>LA SERIOSITAT<\/strong><span style=\"color: #000000;\"><br \/>\n<\/span><\/span><\/p>\n<p><!--:--><\/p>\n","protected":false},"excerpt":{"rendered":"<p>En P&amp;J Trans European, com a empresa de transports i log\u00edstica en general, oferim els nostres serveis pensats exclusivament per poder ajudar en el dia a dia de les seves activitats, oferint-los la nostra col\u00b7laboraci\u00f3 total buscant en cada moment el cam\u00ed m\u00e9s efectiu i econ\u00f2mic per les seves necessitats. Gestionada per personal \u00e0mpliament qualificat,<\/p>\n","protected":false},"author":1,"featured_media":0,"parent":0,"menu_order":0,"comment_status":"open","ping_status":"open","template":"","meta":{"footnotes":""},"aioseo_notices":[],"_links":{"self":[{"href":"https:\/\/www.pjtranseuropeansl.com\/ca\/wp-json\/wp\/v2\/pages\/2233"}],"collection":[{"href":"https:\/\/www.pjtranseuropeansl.com\/ca\/wp-json\/wp\/v2\/pages"}],"about":[{"href":"https:\/\/www.pjtranseuropeansl.com\/ca\/wp-json\/wp\/v2\/types\/page"}],"author":[{"embeddable":true,"href":"https:\/\/www.pjtranseuropeansl.com\/ca\/wp-json\/wp\/v2\/users\/1"}],"replies":[{"embeddable":true,"href":"https:\/\/www.pjtranseuropeansl.com\/ca\/wp-json\/wp\/v2\/comments?post=2233"}],"version-history":[{"count":2,"href":"https:\/\/www.pjtranseuropeansl.com\/ca\/wp-json\/wp\/v2\/pages\/2233\/revisions"}],"predecessor-version":[{"id":3187,"href":"https:\/\/www.pjtranseuropeansl.com\/ca\/wp-json\/wp\/v2\/pages\/2233\/revisions\/3187"}],"wp:attachment":[{"href":"https:\/\/www.pjtranseuropeansl.com\/ca\/wp-json\/wp\/v2\/media?parent=2233"}],"curies":[{"name":"wp","href":"https:\/\/api.w.org\/{rel}","templated":true}]}}