{"id":2320,"date":"2014-07-07T10:36:54","date_gmt":"2014-07-07T10:36:54","guid":{"rendered":"https:\/\/www.pjtranseuropeansl.com\/?page_id=2320"},"modified":"2017-09-08T19:52:39","modified_gmt":"2017-09-08T19:52:39","slug":"transport-grecia","status":"publish","type":"page","link":"https:\/\/www.pjtranseuropeansl.com\/ca\/serveis\/transport-internacional\/transport-grecia\/","title":{"rendered":"Transport Gr\u00e8cia"},"content":{"rendered":"<p><!--:ca--><\/p>\n<h1><span style=\"color: #000000;\"><strong>Transport a Gr\u00e8cia.<\/strong><\/span><\/h1>\n<h3><span style=\"color: #000000;\">P&amp;J Trans European li ofereix totes les solucions a les seves necessitats de transport: terrestre, mar\u00edtim i aeri.<\/span><\/h3>\n<div id=\"attachment_1445\" style=\"width: 380px\" class=\"wp-caption alignright\"><img loading=\"lazy\" decoding=\"async\" aria-describedby=\"caption-attachment-1445\" class=\" wp-image-1445  \" title=\"Transporte a Grecia\" src=\"https:\/\/www.pjtranseuropeansl.com\/wp-content\/uploads\/2013\/10\/GRECIA.jpg\" alt=\"Transporte a Grecia\" width=\"370\" height=\"316\" \/><p id=\"caption-attachment-1445\" class=\"wp-caption-text\">Transport Terrestre, Mar\u00edtim i Aeri a Gr\u00e8cia<\/p><\/div>\n<p><span style=\"color: #000000;\">Som transitaris log\u00edstics i la nostra especialitzaci\u00f3 \u00e9s el<\/span> <strong><span style=\"color: #5dadc9;\">transport terrestre internacional<\/span><\/strong>.<\/p>\n<p><span style=\"color: #000000;\">A m\u00e9s a m\u00e9s, transportem tot tipus de mercaderies perilloses ADR, convencionals, refrigerades i congelades.<\/span><\/p>\n<p><span style=\"color: #000000;\">El nostre servei de<\/span><strong><span style=\"color: #5dadc9;\"> transport a Gr\u00e8cia<\/span><\/strong>, <span style=\"color: #000000;\">distribueix tot tipus de mercaderies a qualsevol punt del pa\u00eds.<\/span><\/p>\n<p><span style=\"color: #000000;\">El servei de transport a Gr\u00e8cia t\u00e9 sortides setmanals, habitualment els divendres.<\/span><\/p>\n<p><span style=\"color: #000000;\">El nostre servei de transport Gr\u00e8cia inclou:<\/span><\/p>\n<ul>\n<li><span style=\"color: #000000;\">Servei de transport porta a porta.<\/span><\/li>\n<li><span style=\"color: #000000;\">Servei de paqueteria, grupatge i c\u00e0rregues completes.<\/span><\/li>\n<li><span style=\"color: #000000;\">Servei de transport refrigerat i congelat.<\/span><\/li>\n<li><span style=\"color: #000000;\">Servei de recollida a tota Espanya.<\/span><\/li>\n<\/ul>\n<p><!--:--><\/p>\n","protected":false},"excerpt":{"rendered":"<p>Transport a Gr\u00e8cia. P&amp;J Trans European li ofereix totes les solucions a les seves necessitats de transport: terrestre, mar\u00edtim i aeri. Som transitaris log\u00edstics i la nostra especialitzaci\u00f3 \u00e9s el transport terrestre internacional. A m\u00e9s a m\u00e9s, transportem tot tipus de mercaderies perilloses ADR, convencionals, refrigerades i congelades. El nostre servei de transport a Gr\u00e8cia,<\/p>\n","protected":false},"author":1,"featured_media":0,"parent":2238,"menu_order":0,"comment_status":"open","ping_status":"open","template":"","meta":{"footnotes":""},"aioseo_notices":[],"_links":{"self":[{"href":"https:\/\/www.pjtranseuropeansl.com\/ca\/wp-json\/wp\/v2\/pages\/2320"}],"collection":[{"href":"https:\/\/www.pjtranseuropeansl.com\/ca\/wp-json\/wp\/v2\/pages"}],"about":[{"href":"https:\/\/www.pjtranseuropeansl.com\/ca\/wp-json\/wp\/v2\/types\/page"}],"author":[{"embeddable":true,"href":"https:\/\/www.pjtranseuropeansl.com\/ca\/wp-json\/wp\/v2\/users\/1"}],"replies":[{"embeddable":true,"href":"https:\/\/www.pjtranseuropeansl.com\/ca\/wp-json\/wp\/v2\/comments?post=2320"}],"version-history":[{"count":6,"href":"https:\/\/www.pjtranseuropeansl.com\/ca\/wp-json\/wp\/v2\/pages\/2320\/revisions"}],"predecessor-version":[{"id":3326,"href":"https:\/\/www.pjtranseuropeansl.com\/ca\/wp-json\/wp\/v2\/pages\/2320\/revisions\/3326"}],"up":[{"embeddable":true,"href":"https:\/\/www.pjtranseuropeansl.com\/ca\/wp-json\/wp\/v2\/pages\/2238"}],"wp:attachment":[{"href":"https:\/\/www.pjtranseuropeansl.com\/ca\/wp-json\/wp\/v2\/media?parent=2320"}],"curies":[{"name":"wp","href":"https:\/\/api.w.org\/{rel}","templated":true}]}}