{"id":2340,"date":"2014-07-07T10:41:14","date_gmt":"2014-07-07T10:41:14","guid":{"rendered":"https:\/\/www.pjtranseuropeansl.com\/?page_id=2340"},"modified":"2017-09-08T19:49:48","modified_gmt":"2017-09-08T19:49:48","slug":"transport-serbia","status":"publish","type":"page","link":"https:\/\/www.pjtranseuropeansl.com\/ca\/serveis\/transport-internacional\/transport-serbia\/","title":{"rendered":"Transport S\u00e8rbia"},"content":{"rendered":"<p><!--:ca--><\/p>\n<h1><span style=\"color: #000000;\"><strong>Transport a S\u00e8rbia<\/strong><\/span><\/h1>\n<h3><span style=\"color: #000000;\">P&amp;J Trans European li ofereix totes les solucions a les seves necessitats de transport: terrestre, mar\u00edtim i aeri.<\/span><\/h3>\n<div id=\"attachment_1445\" style=\"width: 380px\" class=\"wp-caption alignright\"><img loading=\"lazy\" decoding=\"async\" aria-describedby=\"caption-attachment-1445\" class=\" wp-image-1445  \" title=\"Transporte a Serbia\" src=\"https:\/\/www.pjtranseuropeansl.com\/wp-content\/uploads\/2013\/10\/SERBIA.jpg\" alt=\"Transporte a Serbia\" width=\"370\" height=\"316\" \/><p id=\"caption-attachment-1445\" class=\"wp-caption-text\"><strong><span style=\"color: #000000;\">Transport Terrestre, Mar\u00edtim i Aeri a S\u00e8rbia<\/span><\/strong><\/p><\/div>\n<p><span style=\"color: #000000;\">Som transitaris log\u00edstics i la nostra especialitzaci\u00f3 \u00e9s el<\/span> <strong><span style=\"color: #5dadc9;\">transport terrestre internacional<\/span><\/strong>.<\/p>\n<p><span style=\"color: #000000;\">El nostre servei de<\/span> <strong><span style=\"color: #5dadc9;\">transport a S\u00e8rbia<\/span><\/strong>, <span style=\"color: #000000;\">distribueix tot tipus de mercaderies a qualsevol punt del pa\u00eds.<\/span><\/p>\n<p><span style=\"color: #000000;\">El servei de transport a S\u00e8rbia t\u00e9 sortides setmanals, habitualment els<\/span><span style=\"color: #000000;\"> divendres.<\/span><\/p>\n<p><span style=\"color: #000000;\">El nostre servei de transport a S\u00e8rbia inclou:<\/span><\/p>\n<ul>\n<li><span style=\"color: #000000;\">Servei porta a porta.<\/span><\/li>\n<li><span style=\"color: #000000;\">Servei de paqueteria, grupatge i c\u00e0rregues completes.<\/span><\/li>\n<li><span style=\"color: #000000;\">Servei de recollida a tota Espanya.<\/span><\/li>\n<\/ul>\n<p><!--:--><\/p>\n","protected":false},"excerpt":{"rendered":"<p>Transport a S\u00e8rbia P&amp;J Trans European li ofereix totes les solucions a les seves necessitats de transport: terrestre, mar\u00edtim i aeri. Som transitaris log\u00edstics i la nostra especialitzaci\u00f3 \u00e9s el transport terrestre internacional. El nostre servei de transport a S\u00e8rbia, distribueix tot tipus de mercaderies a qualsevol punt del pa\u00eds. El servei de transport a<\/p>\n","protected":false},"author":1,"featured_media":0,"parent":2238,"menu_order":0,"comment_status":"open","ping_status":"closed","template":"","meta":{"footnotes":""},"aioseo_notices":[],"_links":{"self":[{"href":"https:\/\/www.pjtranseuropeansl.com\/ca\/wp-json\/wp\/v2\/pages\/2340"}],"collection":[{"href":"https:\/\/www.pjtranseuropeansl.com\/ca\/wp-json\/wp\/v2\/pages"}],"about":[{"href":"https:\/\/www.pjtranseuropeansl.com\/ca\/wp-json\/wp\/v2\/types\/page"}],"author":[{"embeddable":true,"href":"https:\/\/www.pjtranseuropeansl.com\/ca\/wp-json\/wp\/v2\/users\/1"}],"replies":[{"embeddable":true,"href":"https:\/\/www.pjtranseuropeansl.com\/ca\/wp-json\/wp\/v2\/comments?post=2340"}],"version-history":[{"count":3,"href":"https:\/\/www.pjtranseuropeansl.com\/ca\/wp-json\/wp\/v2\/pages\/2340\/revisions"}],"predecessor-version":[{"id":3273,"href":"https:\/\/www.pjtranseuropeansl.com\/ca\/wp-json\/wp\/v2\/pages\/2340\/revisions\/3273"}],"up":[{"embeddable":true,"href":"https:\/\/www.pjtranseuropeansl.com\/ca\/wp-json\/wp\/v2\/pages\/2238"}],"wp:attachment":[{"href":"https:\/\/www.pjtranseuropeansl.com\/ca\/wp-json\/wp\/v2\/media?parent=2340"}],"curies":[{"name":"wp","href":"https:\/\/api.w.org\/{rel}","templated":true}]}}