{"id":2459,"date":"2014-07-07T15:24:43","date_gmt":"2014-07-07T15:24:43","guid":{"rendered":"https:\/\/www.pjtranseuropeansl.com\/?page_id=2459"},"modified":"2017-09-08T19:55:47","modified_gmt":"2017-09-08T19:55:47","slug":"grupatge-i-carregues-completes","status":"publish","type":"page","link":"https:\/\/www.pjtranseuropeansl.com\/ca\/serveis\/transport-nacional\/grupatge-i-carregues-completes\/","title":{"rendered":"Grupatge i c\u00e0rregues completes"},"content":{"rendered":"<p><!--:es--><\/p>\n<h1><span style=\"color: #000000;\"><strong>Grupatge i c\u00e0rregues completes<\/strong><\/span><\/h1>\n<h3><span style=\"color: #000000;\">P&amp;J Trans European,com a empresa de transport, oferim un servei de grupatge i c\u00e0rregues completes amb sortides di\u00e0ries des de Barcelona a qualsevol punt de la Pen\u00ednsula i viceversa.<\/span><\/h3>\n<div id=\"attachment_1343\" style=\"width: 927px\" class=\"wp-caption aligncenter\"><img loading=\"lazy\" decoding=\"async\" aria-describedby=\"caption-attachment-1343\" class=\"size-full wp-image-7691\" src=\"https:\/\/www.pjtranseuropeansl.com\/wp-content\/uploads\/2013\/06\/CAMION-LOGO-PJ.png\" alt=\"Transporte Nacional Grupaje y Cargas Completas\" width=\"917\" height=\"296\" srcset=\"https:\/\/www.pjtranseuropeansl.com\/wp-content\/uploads\/2013\/06\/CAMION-LOGO-PJ.png 917w, https:\/\/www.pjtranseuropeansl.com\/wp-content\/uploads\/2013\/06\/CAMION-LOGO-PJ-300x96.png 300w\" sizes=\"(max-width: 917px) 100vw, 917px\" \/><p id=\"caption-attachment-1343\" class=\"wp-caption-text\">Transporte Nacional Grupatge i C\u00e0rregues Completes<\/p><\/div>\n<h3><span style=\"color: #000000;\">A m\u00e9s a m\u00e9s, transportem tot tipus de mercaderies, tant perilloses ADR, convencionals, refrigerades com congelades.<\/span><\/h3>\n<h3><span style=\"color: #000000;\">El nostre servei de<\/span> <span style=\"color: #0a76a0;\">transport de Grupatge y C\u00e0rregues Completes<\/span> <span style=\"color: #000000;\">a<\/span>\u00a0<span style=\"color: #0a76a0;\">nivell Nacional<span style=\"color: #000000;\">\u00a0<\/span><\/span><span style=\"color: #000000;\">inclou:<\/span><\/h3>\n<ul>\n<li><span style=\"color: #000000;\">Servei porta a porta sense transbords.<\/span><\/li>\n<li><span style=\"color: #000000;\">Servei de grupatges i c\u00e0rregues completes.<\/li>\n<li><span style=\"color: #000000;\">Servei de refrigerat i congelat.<\/li>\n<li><span style=\"color: #000000;\">Servei de recollida a tota Espanya amb entrega a qualsevol punt.<\/li>\n<li><span style=\"color: #000000;\">Els terminis d\u2019entrega s\u00f3n de 24 hores i 48 hores per Andalusia i Gal\u00edcia.<\/li>\n<li><span style=\"color: #000000;\">Donem cobertura a Andorra, Ceuta, Melilla i Gibraltar.<\/li>\n<\/ul>\n<p>&nbsp;<\/p>\n<p><!--:--><\/p>\n","protected":false},"excerpt":{"rendered":"<p>Grupatge i c\u00e0rregues completes P&amp;J Trans European,com a empresa de transport, oferim un servei de grupatge i c\u00e0rregues completes amb sortides di\u00e0ries des de Barcelona a qualsevol punt de la Pen\u00ednsula i viceversa. A m\u00e9s a m\u00e9s, transportem tot tipus de mercaderies, tant perilloses ADR, convencionals, refrigerades com congelades. El nostre servei de transport de<\/p>\n","protected":false},"author":1,"featured_media":0,"parent":2327,"menu_order":0,"comment_status":"open","ping_status":"closed","template":"","meta":{"footnotes":""},"aioseo_notices":[],"_links":{"self":[{"href":"https:\/\/www.pjtranseuropeansl.com\/ca\/wp-json\/wp\/v2\/pages\/2459"}],"collection":[{"href":"https:\/\/www.pjtranseuropeansl.com\/ca\/wp-json\/wp\/v2\/pages"}],"about":[{"href":"https:\/\/www.pjtranseuropeansl.com\/ca\/wp-json\/wp\/v2\/types\/page"}],"author":[{"embeddable":true,"href":"https:\/\/www.pjtranseuropeansl.com\/ca\/wp-json\/wp\/v2\/users\/1"}],"replies":[{"embeddable":true,"href":"https:\/\/www.pjtranseuropeansl.com\/ca\/wp-json\/wp\/v2\/comments?post=2459"}],"version-history":[{"count":13,"href":"https:\/\/www.pjtranseuropeansl.com\/ca\/wp-json\/wp\/v2\/pages\/2459\/revisions"}],"predecessor-version":[{"id":2799,"href":"https:\/\/www.pjtranseuropeansl.com\/ca\/wp-json\/wp\/v2\/pages\/2459\/revisions\/2799"}],"up":[{"embeddable":true,"href":"https:\/\/www.pjtranseuropeansl.com\/ca\/wp-json\/wp\/v2\/pages\/2327"}],"wp:attachment":[{"href":"https:\/\/www.pjtranseuropeansl.com\/ca\/wp-json\/wp\/v2\/media?parent=2459"}],"curies":[{"name":"wp","href":"https:\/\/api.w.org\/{rel}","templated":true}]}}