{"id":2766,"date":"2014-07-09T15:34:38","date_gmt":"2014-07-09T15:34:38","guid":{"rendered":"https:\/\/www.pjtranseuropeansl.com\/?page_id=2766"},"modified":"2017-09-08T19:50:37","modified_gmt":"2017-09-08T19:50:37","slug":"transport-la-republica-de-bielorussia","status":"publish","type":"page","link":"https:\/\/www.pjtranseuropeansl.com\/ca\/serveis\/transport-internacional\/transport-la-republica-de-bielorussia\/","title":{"rendered":"Transport Bielor\u00fassia"},"content":{"rendered":"<p><!--:ca--><\/p>\n<h1><span style=\"color: #000000;\"><strong>Transport a La Rep\u00fablica de Bielorr\u00fassia.<\/strong><\/span><\/h1>\n<h3><span style=\"color: #000000;\">P&amp;J Trans European li ofereix totes les solucions a les seves necessitats de transport: terrestre, mar\u00edtim i aeri.<\/span><\/h3>\n<div id=\"attachment_1445\" style=\"width: 380px\" class=\"wp-caption alignright\"><img loading=\"lazy\" decoding=\"async\" aria-describedby=\"caption-attachment-1445\" class=\" wp-image-1445  \" title=\"Transporte a Bielorusia\" src=\"https:\/\/www.pjtranseuropeansl.com\/wp-content\/uploads\/2013\/10\/BIELORUSIA.jpg\" alt=\"Transporte a Bielorrusia\" width=\"370\" height=\"316\" \/><p id=\"caption-attachment-1445\" class=\"wp-caption-text\"><span style=\"color: #000000;\">Transport Terrestre, Mar\u00edtim i Aeri a La Rep\u00fablica de Bielorr\u00fassia<\/span><\/p><\/div>\n<p><span style=\"color: #000000;\">Som transitaris log\u00edstics i la nostra especialitzaci\u00f3 \u00e9s el<\/span> <strong><span style=\"color: #5dadc9;\">transport terrestre internacional<\/span><\/strong>.<\/p>\n<p><span style=\"color: #000000;\">A m\u00e9s a m\u00e9s, transportem tot tipus de mercaderies perilloses ADR i convencionals.<\/span><\/p>\n<p><span style=\"color: #000000;\">El nostre servei de<\/span> <strong><span style=\"color: #5dadc9;\">transport a La Rep\u00fablica de Bielorr\u00fassia<\/span><\/strong>, <span style=\"color: #000000;\">distribueix tot tipus de mercaderies a qualsevol punt del pa\u00eds.<\/span><\/p>\n<p><span style=\"color: #000000;\">El servei de transport a La Rep\u00fablica de Bielorr\u00fassia t\u00e9 sortides setmanals, habitualment els divendres.<\/span><\/p>\n<p><span style=\"color: #000000;\">El nostre servei de transport a La Rep\u00fablica de Bielorr\u00fassia inclou:<\/span><\/p>\n<ul>\n<li><span style=\"color: #000000;\">Servei de Transport porta a porta.<\/span><\/li>\n<li><span style=\"color: #000000;\">Servei de paqueteria, grupatge i c\u00e0rregues completes.<\/span><\/li>\n<li><span style=\"color: #000000;\">Servei de recollida a tota Espanya.<\/span><\/li>\n<\/ul>\n<p><!--:--><\/p>\n","protected":false},"excerpt":{"rendered":"<p>Transport a La Rep\u00fablica de Bielorr\u00fassia. P&amp;J Trans European li ofereix totes les solucions a les seves necessitats de transport: terrestre, mar\u00edtim i aeri. Som transitaris log\u00edstics i la nostra especialitzaci\u00f3 \u00e9s el transport terrestre internacional. A m\u00e9s a m\u00e9s, transportem tot tipus de mercaderies perilloses ADR i convencionals. El nostre servei de transport a<\/p>\n","protected":false},"author":1,"featured_media":0,"parent":2238,"menu_order":0,"comment_status":"open","ping_status":"closed","template":"","meta":{"footnotes":""},"aioseo_notices":[],"_links":{"self":[{"href":"https:\/\/www.pjtranseuropeansl.com\/ca\/wp-json\/wp\/v2\/pages\/2766"}],"collection":[{"href":"https:\/\/www.pjtranseuropeansl.com\/ca\/wp-json\/wp\/v2\/pages"}],"about":[{"href":"https:\/\/www.pjtranseuropeansl.com\/ca\/wp-json\/wp\/v2\/types\/page"}],"author":[{"embeddable":true,"href":"https:\/\/www.pjtranseuropeansl.com\/ca\/wp-json\/wp\/v2\/users\/1"}],"replies":[{"embeddable":true,"href":"https:\/\/www.pjtranseuropeansl.com\/ca\/wp-json\/wp\/v2\/comments?post=2766"}],"version-history":[{"count":8,"href":"https:\/\/www.pjtranseuropeansl.com\/ca\/wp-json\/wp\/v2\/pages\/2766\/revisions"}],"predecessor-version":[{"id":3355,"href":"https:\/\/www.pjtranseuropeansl.com\/ca\/wp-json\/wp\/v2\/pages\/2766\/revisions\/3355"}],"up":[{"embeddable":true,"href":"https:\/\/www.pjtranseuropeansl.com\/ca\/wp-json\/wp\/v2\/pages\/2238"}],"wp:attachment":[{"href":"https:\/\/www.pjtranseuropeansl.com\/ca\/wp-json\/wp\/v2\/media?parent=2766"}],"curies":[{"name":"wp","href":"https:\/\/api.w.org\/{rel}","templated":true}]}}