{"id":3108,"date":"2014-07-14T11:05:43","date_gmt":"2014-07-14T11:05:43","guid":{"rendered":"https:\/\/www.pjtranseuropeansl.com\/?page_id=3108"},"modified":"2017-09-08T19:50:30","modified_gmt":"2017-09-08T19:50:30","slug":"transport-suecia","status":"publish","type":"page","link":"https:\/\/www.pjtranseuropeansl.com\/ca\/serveis\/transport-internacional\/transport-suecia\/","title":{"rendered":"Transport Su\u00e8cia"},"content":{"rendered":"<p><!--:ca--><\/p>\n<h1><span style=\"color: #000000;\"><strong>Transport a Su\u00e8cia<\/strong><\/span><\/h1>\n<h3><span style=\"color: #000000;\">P&amp;J Trans European li ofereix totes les solucions a les seves necessitats de transport: terrestre, mar\u00edtim i aeri.<\/span><\/h3>\n<div id=\"attachment_1445\" style=\"width: 380px\" class=\"wp-caption alignright\"><img loading=\"lazy\" decoding=\"async\" aria-describedby=\"caption-attachment-1445\" class=\" wp-image-1445  \" title=\"Transporte a Suecia\" src=\"https:\/\/www.pjtranseuropeansl.com\/wp-content\/uploads\/2013\/10\/SUECIA.jpg\" alt=\"Transporte a Suecia\" width=\"370\" height=\"316\" \/><p id=\"caption-attachment-1445\" class=\"wp-caption-text\"><strong><span style=\"color: #000000;\">Transporte Terrestre, Mar\u00edtimo y A\u00e9reo a Su\u00e8cia<\/span><\/strong><\/p><\/div>\n<p><span style=\"color: #000000;\">Som transitaris log\u00edstics i la nostra especialitzaci\u00f3 \u00e9s el<\/span> <strong><span style=\"color: #5dadc9;\">transport terrestre internacional<\/span><\/strong>.<\/p>\n<p><span style=\"color: #000000;\">A m\u00e9s a m\u00e9s, transportem tot tipus de mercaderies perilloses ADR, convencionals, refrigerades i congelades.<\/span><\/p>\n<p><span style=\"color: #000000;\">El nostre servei de<\/span> <strong><span style=\"color: #5dadc9;\">transport a Su\u00e8cia<\/span><\/strong>, <span style=\"color: #000000;\">distribueix tot tipus de mercaderies a qualsevol punt del pa\u00eds.<\/span><\/p>\n<p><span style=\"color: #000000;\">El servei de transport a Su\u00e8cia t\u00e9 sortides setmanals, habitualment els dimarts i els<\/span><span style=\"color: #000000;\"> divendres.<\/span><\/p>\n<p><span style=\"color: #000000;\">El nostre servei de transport a Su\u00e8cia inclou:<\/span><\/p>\n<ul>\n<li><span style=\"color: #000000;\">Servei porta a porta.<\/span><\/li>\n<li><span style=\"color: #000000;\">Servei de paqueteria, grupatge i c\u00e0rregues completes.<\/span><\/li>\n<li><span style=\"color: #000000;\">Servei de refrigerat i congelat.<\/span><\/li>\n<li><span style=\"color: #000000;\">Servei de recollida a tota Espanya.<\/span><\/li>\n<\/ul>\n<p><!--:--><\/p>\n","protected":false},"excerpt":{"rendered":"<p>Transport a Su\u00e8cia P&amp;J Trans European li ofereix totes les solucions a les seves necessitats de transport: terrestre, mar\u00edtim i aeri. Som transitaris log\u00edstics i la nostra especialitzaci\u00f3 \u00e9s el transport terrestre internacional. A m\u00e9s a m\u00e9s, transportem tot tipus de mercaderies perilloses ADR, convencionals, refrigerades i congelades. El nostre servei de transport a Su\u00e8cia,<\/p>\n","protected":false},"author":1,"featured_media":0,"parent":2238,"menu_order":0,"comment_status":"open","ping_status":"closed","template":"","meta":{"footnotes":""},"aioseo_notices":[],"_links":{"self":[{"href":"https:\/\/www.pjtranseuropeansl.com\/ca\/wp-json\/wp\/v2\/pages\/3108"}],"collection":[{"href":"https:\/\/www.pjtranseuropeansl.com\/ca\/wp-json\/wp\/v2\/pages"}],"about":[{"href":"https:\/\/www.pjtranseuropeansl.com\/ca\/wp-json\/wp\/v2\/types\/page"}],"author":[{"embeddable":true,"href":"https:\/\/www.pjtranseuropeansl.com\/ca\/wp-json\/wp\/v2\/users\/1"}],"replies":[{"embeddable":true,"href":"https:\/\/www.pjtranseuropeansl.com\/ca\/wp-json\/wp\/v2\/comments?post=3108"}],"version-history":[{"count":2,"href":"https:\/\/www.pjtranseuropeansl.com\/ca\/wp-json\/wp\/v2\/pages\/3108\/revisions"}],"predecessor-version":[{"id":3161,"href":"https:\/\/www.pjtranseuropeansl.com\/ca\/wp-json\/wp\/v2\/pages\/3108\/revisions\/3161"}],"up":[{"embeddable":true,"href":"https:\/\/www.pjtranseuropeansl.com\/ca\/wp-json\/wp\/v2\/pages\/2238"}],"wp:attachment":[{"href":"https:\/\/www.pjtranseuropeansl.com\/ca\/wp-json\/wp\/v2\/media?parent=3108"}],"curies":[{"name":"wp","href":"https:\/\/api.w.org\/{rel}","templated":true}]}}