{"id":4408,"date":"2015-05-13T15:51:51","date_gmt":"2015-05-13T15:51:51","guid":{"rendered":"https:\/\/www.pjtranseuropeansl.com\/?page_id=4408"},"modified":"2017-09-08T19:33:17","modified_gmt":"2017-09-08T19:33:17","slug":"transport-a-cuenca","status":"publish","type":"page","link":"https:\/\/www.pjtranseuropeansl.com\/ca\/transport-a-cuenca\/","title":{"rendered":"Transport a Cuenca"},"content":{"rendered":"<p><!--:ca--><\/p>\n<h1><span style=\"color: #000000;\"><strong>Transport a Cuenca<\/strong><\/span><\/h1>\n<h3><span style=\"color: #000000;\">P&amp;J Trans European li ofereix totes les solucions a les seves necessitats de transport: terrestre, mar\u00edtim i aeri.<\/span><\/h3>\n<div id=\"attachment_3630\" style=\"width: 310px\" class=\"wp-caption alignright\"><img loading=\"lazy\" decoding=\"async\" aria-describedby=\"caption-attachment-3630\" class=\"   wp-image-3630 size-medium\" title=\"Transport a Cuenca\" src=\"https:\/\/www.pjtranseuropeansl.com\/wp-content\/uploads\/2015\/04\/mapa_espana-300x240.gif\" alt=\"Transport a Cuenca\" width=\"300\" height=\"240\" \/><p id=\"caption-attachment-3630\" class=\"wp-caption-text\"><strong><span style=\"color: #000000;\">Transport a Cuenca<\/span><\/strong><\/p><\/div>\n<p>&nbsp;<\/p>\n<p><span style=\"color: #000000;\">Som transitaris log\u00edstics i la nostra especialitzaci\u00f3 \u00e9s el<\/span> <strong><span style=\"color: #5dadc9;\">transport terrestre Nacional<\/span><\/strong>.<\/p>\n<p><span style=\"color: #000000;\">A m\u00e9s a m\u00e9s, transportem tot tipus de mercaderies perilloses ADR, convencionals, refrigerades i congelades.<\/span><\/p>\n<p><span style=\"color: #000000;\">El nostre servei de<\/span> <strong><span style=\"color: #5dadc9;\">transport a Cuenca<\/span><\/strong>, <span style=\"color: #000000;\">distribueix tot tipus de mercaderies a qualsevol punt de la prov\u00edncia.<\/span><\/p>\n<p><span style=\"color: #000000;\">El servei de transport a Cuenca, t\u00e9 sortides di\u00e0ries amb un transit de 24 hrs.<\/span><\/p>\n<p><span style=\"color: #000000;\">El nostre servei de transport a Cuenca inclou:<\/span><\/p>\n<ul>\n<li><span style=\"color: #000000;\">Servei porta a porta.<\/span><\/li>\n<li><span style=\"color: #000000;\">Servei de paqueteria, grupatge i c\u00e0rregues completes.<\/span><\/li>\n<li><span style=\"color: #000000;\">Servei de refrigerat i congelat.<\/span><\/li>\n<li><span style=\"color: #000000;\">Servei de recollida a tota Espanya.<\/span><\/li>\n<\/ul>\n<p><!--:--><\/p>\n","protected":false},"excerpt":{"rendered":"<p>Transport a Cuenca P&amp;J Trans European li ofereix totes les solucions a les seves necessitats de transport: terrestre, mar\u00edtim i aeri. &nbsp; Som transitaris log\u00edstics i la nostra especialitzaci\u00f3 \u00e9s el transport terrestre Nacional. A m\u00e9s a m\u00e9s, transportem tot tipus de mercaderies perilloses ADR, convencionals, refrigerades i congelades. El nostre servei de transport a<\/p>\n","protected":false},"author":1,"featured_media":0,"parent":0,"menu_order":0,"comment_status":"open","ping_status":"closed","template":"","meta":{"footnotes":""},"aioseo_notices":[],"_links":{"self":[{"href":"https:\/\/www.pjtranseuropeansl.com\/ca\/wp-json\/wp\/v2\/pages\/4408"}],"collection":[{"href":"https:\/\/www.pjtranseuropeansl.com\/ca\/wp-json\/wp\/v2\/pages"}],"about":[{"href":"https:\/\/www.pjtranseuropeansl.com\/ca\/wp-json\/wp\/v2\/types\/page"}],"author":[{"embeddable":true,"href":"https:\/\/www.pjtranseuropeansl.com\/ca\/wp-json\/wp\/v2\/users\/1"}],"replies":[{"embeddable":true,"href":"https:\/\/www.pjtranseuropeansl.com\/ca\/wp-json\/wp\/v2\/comments?post=4408"}],"version-history":[{"count":1,"href":"https:\/\/www.pjtranseuropeansl.com\/ca\/wp-json\/wp\/v2\/pages\/4408\/revisions"}],"predecessor-version":[{"id":4409,"href":"https:\/\/www.pjtranseuropeansl.com\/ca\/wp-json\/wp\/v2\/pages\/4408\/revisions\/4409"}],"wp:attachment":[{"href":"https:\/\/www.pjtranseuropeansl.com\/ca\/wp-json\/wp\/v2\/media?parent=4408"}],"curies":[{"name":"wp","href":"https:\/\/api.w.org\/{rel}","templated":true}]}}